{"id":3244,"date":"2024-05-14T14:17:04","date_gmt":"2024-05-14T21:17:04","guid":{"rendered":"http:\/\/802world.org\/plenary\/?page_id=3244"},"modified":"2024-06-05T17:19:16","modified_gmt":"2024-06-06T00:19:16","slug":"university-outreach","status":"publish","type":"page","link":"http:\/\/802world.org\/plenary\/university-outreach\/","title":{"rendered":"University Outreach"},"content":{"rendered":"<p>&nbsp;<\/p>\n<p><b>Who:<\/b><span style=\"font-weight: 400\"> Students and Faculty Members IEEE<\/span><\/p>\n<p><b>What:<\/b><span style=\"font-weight: 400\"> IEEE 802 University Outreach &#8211; A day of learning at the 802\u00ae Plenary Meeting<\/span><\/p>\n<p><b>When:<\/b><span style=\"font-weight: 400\"> 16 July 2024 &#8212; 8AM to 4PM<\/span><\/p>\n<p><b>Where:&nbsp;<\/b><\/p>\n<p><span style=\"font-weight: 400\">Le Centre Sheraton Montr\u00e9al<\/span><\/p>\n<p><span style=\"font-weight: 400\">1201 Boulevard Ren\u00e9-L\u00e9vesque ouest<\/span><\/p>\n<p><b>Cost:&nbsp; <\/b><span style=\"font-weight: 400\">Special Discounted Registration fee of only $25.00 US<\/span><\/p>\n<p><b>Event Poster: <\/b><a href=\"http:\/\/802world.org\/plenary\/files\/2024\/05\/IEEE_802_university_outreach_flyer_0324.pdf\"><b>IEEE_802_university_outreach_flyer<\/b><\/a><\/p>\n<p><b>EVENT SUMMARY<\/b><\/p>\n<p><span style=\"font-weight: 400\">Now is your chance to see for yourself how this accomplished group works and find out how to help engineer the next round of innovative and globally impacting standards. This is a curated one-day introduction to IEEE 802.<\/span><\/p>\n<p><span style=\"font-weight: 400\">Attending this event will expand your knowledge of the standards development process while learning the significance of standards within engineering technology. You might even consider future participation in the standards development process or get involved in other IEEE Standards Education Committee programs. Attending faculty members may choose to incorporate &#8220;standards role within engineering&#8221; into your curriculum, if not already doing so. Whatever role you play or however you choose to participate, your involvement is key to our future success and could be the key to yours!<\/span><\/p>\n<p><b>REGISTRATION<\/b><\/p>\n<p><span style=\"font-weight: 400\">Students may register for this session independently or participate in a group with an institutional sponsor such as a professor.<\/span><\/p>\n<p><span style=\"font-weight: 400\">Please contact IEEE 802 Executive Secretary Jon Rosdahl to confirm your student credentials and access the registration link for this important event.<\/span><\/p>\n<p><span style=\"font-weight: 400\">Jon Rosdahl: <a href=\"mailto:jrosdahl@ieee.org\">jrosdahl@ieee.org<\/a><\/span><\/p>\n<p><b>BADGE PICK UP<\/b><\/p>\n<p><span style=\"font-weight: 400\">Tuesday, July 16, 2024, at 7:30 AM<\/span><\/p>\n<p><span style=\"font-weight: 400\">Badges are required for participation in the session. With proper ID, badges can be picked up at the event registration desk located in the Ballroom Foyer at Le Centre Sheraton Montreal.<\/span><\/p>\n<p><br style=\"font-weight: 400\"><br style=\"font-weight: 400\">&nbsp;<\/p>\n<p>&nbsp;<\/p>\n","protected":false},"excerpt":{"rendered":"<p>&nbsp; Who: Students and Faculty Members IEEE What: IEEE 802 University Outreach &#8211; A day of learning at the 802\u00ae Plenary Meeting When: 16 July 2024 &#8212; 8AM to 4PM Where:&nbsp; Le Centre Sheraton Montr\u00e9al 1201 Boulevard Ren\u00e9-L\u00e9vesque ouest Cost:&nbsp; Special Discounted Registration fee of only $25.00 US Event Poster: IEEE_802_university_outreach_flyer EVENT SUMMARY Now is [&hellip;]<\/p>\n","protected":false},"author":2,"featured_media":0,"parent":0,"menu_order":0,"comment_status":"closed","ping_status":"closed","template":"","meta":{"ngg_post_thumbnail":0,"footnotes":""},"class_list":["post-3244","page","type-page","status-publish","hentry","entry"],"_links":{"self":[{"href":"http:\/\/802world.org\/plenary\/wp-json\/wp\/v2\/pages\/3244","targetHints":{"allow":["GET"]}}],"collection":[{"href":"http:\/\/802world.org\/plenary\/wp-json\/wp\/v2\/pages"}],"about":[{"href":"http:\/\/802world.org\/plenary\/wp-json\/wp\/v2\/types\/page"}],"author":[{"embeddable":true,"href":"http:\/\/802world.org\/plenary\/wp-json\/wp\/v2\/users\/2"}],"replies":[{"embeddable":true,"href":"http:\/\/802world.org\/plenary\/wp-json\/wp\/v2\/comments?post=3244"}],"version-history":[{"count":9,"href":"http:\/\/802world.org\/plenary\/wp-json\/wp\/v2\/pages\/3244\/revisions"}],"predecessor-version":[{"id":3259,"href":"http:\/\/802world.org\/plenary\/wp-json\/wp\/v2\/pages\/3244\/revisions\/3259"}],"wp:attachment":[{"href":"http:\/\/802world.org\/plenary\/wp-json\/wp\/v2\/media?parent=3244"}],"curies":[{"name":"wp","href":"https:\/\/api.w.org\/{rel}","templated":true}]}}